{"id":275,"date":"2024-11-08T01:20:00","date_gmt":"2024-11-08T01:20:00","guid":{"rendered":"https:\/\/surgenericos.com.co\/index.php\/home\/"},"modified":"2025-09-21T05:17:06","modified_gmt":"2025-09-21T05:17:06","slug":"home","status":"publish","type":"page","link":"https:\/\/surgenericos.com.co\/","title":{"rendered":"Home"},"content":{"rendered":"\n\n\n<h4 style=\"color: rgb(7, 81, 76);\"><strong>Bienvenidos a SURGENERICOS SAS<\/strong><\/h4>\nDurante mas de 20 a\u00f1os, hemos trabajado con un compromiso inquebrantable por llevar salud y bienestar a nuestra comunidad. Nos especializamos en la distribuci\u00f3n de medicamentos antibi\u00f3ticos, oncol\u00f3gicos, alimentos nutricionales y productos para el cuidado osteoarticular, brindando soluciones confiables y de calidad.\nAtendemos con profesionalismo a IPS, hospitales, cl\u00ednicas y tambi\u00e9n a particulares, adapt\u00e1ndonos a las necesidades de cada cliente con un enfoque humano y responsable.\nNuestra experiencia y trayectoria nos posicionan como un aliado estrat\u00e9gico en el cuidado de la salud.\nEn SURGENERICOS estamos comprometidos con su bienestar desde el coraz\u00f3n del sur.\n\n\n\n\n\n\n\n\n<h2>\u00bfPor qu\u00e9 elegirnos como su proveedor de medicamentos?<\/h2>\nEn <strong>SURGENERICOS SAS<\/strong>, entendemos que la salud no puede esperar, por eso, ofrecemos <strong>disponibilidad inmediata<\/strong> de los productos que su entidad necesita, asegurando que nunca falte lo esencial para atender a sus pacientes. Trabajamos con <strong>marcas de renombre y productos de la m\u00e1s alta calidad<\/strong>, garantizando eficacia y seguridad en cada dosis. Nuestra misi\u00f3n es ser un aliado confiable, brind\u00e1ndole no solo lo que necesita, sino con la certeza de que est\u00e1 recibiendo lo mejor del mercado.\n<strong>Beneficios al elegirnos<\/strong>\n\n\n\n\nProductos de calidad respaldados por proveedores de confianza.\n\n\nRespuestas oportunas y entregas constantes para mayor tranquilidad.\n\n\nPorque sabemos que sus pacientes merecen lo mejor<span style=\"color:#000000b7;\">. <\/span>\n\n\n\n\n\n<h2>Nuestros aliados<\/h2>\nCuando se trata de la salud, cada decisi\u00f3n cuenta, por esto adquirir medicamentos de marcas reconocidas no solo garantiza la efectividad de los tratamientos, sino tambi\u00e9n la seguridad y bienestar del paciente. Las marcas l\u00edderes en la industria farmac\u00e9utica y m\u00e9dica cumplen con estrictos est\u00e1ndares de calidad, lo que asegura que los productos est\u00e9n correctamente formulados, sean seguros y est\u00e9n respaldados por estudios cient\u00edficos.\nEn SURGENERICOS SAS, trabajamos exclusivamente con marcas de renombre, comprometidos con la salud y el bienestar de los pacientes. No hay mejor garant\u00eda que elegir productos con la calidad y seguridad que solo las marcas reconocidas pueden ofrecer.\n\n\n\n\n\n\n\n\n\n\n\n\n\n\n\n\n\n\n\n\n\n\n\n\n\n\n\n\n\n\n\n\n\n\n\n\n\n\n\n\n","protected":false},"excerpt":{"rendered":"","protected":false},"author":1,"featured_media":0,"parent":0,"menu_order":0,"comment_status":"closed","ping_status":"closed","template":"","meta":{"pagelayer_contact_templates":[],"_pagelayer_content":"","footnotes":""},"class_list":["post-275","page","type-page","status-publish","hentry"],"_links":{"self":[{"href":"https:\/\/surgenericos.com.co\/index.php\/wp-json\/wp\/v2\/pages\/275","targetHints":{"allow":["GET"]}}],"collection":[{"href":"https:\/\/surgenericos.com.co\/index.php\/wp-json\/wp\/v2\/pages"}],"about":[{"href":"https:\/\/surgenericos.com.co\/index.php\/wp-json\/wp\/v2\/types\/page"}],"author":[{"embeddable":true,"href":"https:\/\/surgenericos.com.co\/index.php\/wp-json\/wp\/v2\/users\/1"}],"replies":[{"embeddable":true,"href":"https:\/\/surgenericos.com.co\/index.php\/wp-json\/wp\/v2\/comments?post=275"}],"version-history":[{"count":20,"href":"https:\/\/surgenericos.com.co\/index.php\/wp-json\/wp\/v2\/pages\/275\/revisions"}],"predecessor-version":[{"id":587,"href":"https:\/\/surgenericos.com.co\/index.php\/wp-json\/wp\/v2\/pages\/275\/revisions\/587"}],"wp:attachment":[{"href":"https:\/\/surgenericos.com.co\/index.php\/wp-json\/wp\/v2\/media?parent=275"}],"curies":[{"name":"wp","href":"https:\/\/api.w.org\/{rel}","templated":true}]}}